{"id":605,"date":"2021-11-22T15:53:05","date_gmt":"2021-11-22T18:53:05","guid":{"rendered":"https:\/\/telecomunicacoes.jfaeletronicos.com\/home-page\/"},"modified":"2023-11-06T12:48:40","modified_gmt":"2023-11-06T15:48:40","slug":"home-page","status":"publish","type":"page","link":"https:\/\/energia.jfaeletronicos.com\/en\/","title":{"rendered":"Home Page"},"content":{"rendered":"","protected":false},"excerpt":{"rendered":"","protected":false},"author":1,"featured_media":0,"parent":0,"menu_order":0,"comment_status":"closed","ping_status":"closed","template":"templates\/homepage.php","meta":{"_acf_changed":false,"footnotes":""},"class_list":["post-605","page","type-page","status-publish","hentry"],"acf":[],"yoast_head":"<!-- This site is optimized with the Yoast SEO plugin v27.2 - https:\/\/yoast.com\/product\/yoast-seo-wordpress\/ -->\n<title>JFA Eletr\u00f4nicos - Telecomunica\u00e7\u00f5es - Inova\u00e7\u00e3o e tecnologia para ir al\u00e9m<\/title>\n<meta name=\"description\" content=\"JFA Eletr\u00f4nicos brings its entire DNA of innovation, security and technology, already present in the automotive sector, to the Telecommunications sector.\" \/>\n<meta name=\"robots\" content=\"index, follow, max-snippet:-1, max-image-preview:large, max-video-preview:-1\" \/>\n<link rel=\"canonical\" href=\"https:\/\/energia.jfaeletronicos.com\/\" \/>\n<meta property=\"og:locale\" content=\"en_US\" \/>\n<meta property=\"og:type\" content=\"article\" \/>\n<meta property=\"og:title\" content=\"JFA Eletr\u00f4nicos - Telecomunica\u00e7\u00f5es - Inova\u00e7\u00e3o e tecnologia para ir al\u00e9m\" \/>\n<meta property=\"og:description\" content=\"JFA Eletr\u00f4nicos brings its entire DNA of innovation, security and technology, already present in the automotive sector, to the Telecommunications sector.\" \/>\n<meta property=\"og:url\" content=\"https:\/\/energia.jfaeletronicos.com\/\" \/>\n<meta property=\"og:site_name\" content=\"JFA Energia\" \/>\n<meta property=\"article:modified_time\" content=\"2023-11-06T15:48:40+00:00\" \/>\n<meta name=\"twitter:card\" content=\"summary_large_image\" \/>\n<script type=\"application\/ld+json\" class=\"yoast-schema-graph\">{\"@context\":\"https:\/\/schema.org\",\"@graph\":[{\"@type\":\"WebPage\",\"@id\":\"https:\/\/energia.jfaeletronicos.com\/\",\"url\":\"https:\/\/energia.jfaeletronicos.com\/\",\"name\":\"JFA Eletr\u00f4nicos - Telecomunica\u00e7\u00f5es - Inova\u00e7\u00e3o e tecnologia para ir al\u00e9m\",\"isPartOf\":{\"@id\":\"https:\/\/energia.jfaeletronicos.com\/#website\"},\"datePublished\":\"2021-11-22T18:53:05+00:00\",\"dateModified\":\"2023-11-06T15:48:40+00:00\",\"description\":\"JFA Eletr\u00f4nicos brings its entire DNA of innovation, security and technology, already present in the automotive sector, to the Telecommunications sector.\",\"breadcrumb\":{\"@id\":\"https:\/\/energia.jfaeletronicos.com\/#breadcrumb\"},\"inLanguage\":\"en-US\",\"potentialAction\":[{\"@type\":\"ReadAction\",\"target\":[\"https:\/\/energia.jfaeletronicos.com\/\"]}]},{\"@type\":\"BreadcrumbList\",\"@id\":\"https:\/\/energia.jfaeletronicos.com\/#breadcrumb\",\"itemListElement\":[{\"@type\":\"ListItem\",\"position\":1,\"name\":\"In\u00edcio\",\"item\":\"https:\/\/energia.jfaeletronicos.com\/\"},{\"@type\":\"ListItem\",\"position\":2,\"name\":\"Home Page\"}]},{\"@type\":\"WebSite\",\"@id\":\"https:\/\/energia.jfaeletronicos.com\/#website\",\"url\":\"https:\/\/energia.jfaeletronicos.com\/\",\"name\":\"JFA Energia\",\"description\":\"Conecte-se ao novo!\",\"potentialAction\":[{\"@type\":\"SearchAction\",\"target\":{\"@type\":\"EntryPoint\",\"urlTemplate\":\"https:\/\/energia.jfaeletronicos.com\/?s={search_term_string}\"},\"query-input\":{\"@type\":\"PropertyValueSpecification\",\"valueRequired\":true,\"valueName\":\"search_term_string\"}}],\"inLanguage\":\"en-US\"}]}<\/script>\n<!-- \/ Yoast SEO plugin. -->","yoast_head_json":{"title":"JFA Eletr\u00f4nicos - Telecomunica\u00e7\u00f5es - Inova\u00e7\u00e3o e tecnologia para ir al\u00e9m","description":"JFA Eletr\u00f4nicos brings its entire DNA of innovation, security and technology, already present in the automotive sector, to the Telecommunications sector.","robots":{"index":"index","follow":"follow","max-snippet":"max-snippet:-1","max-image-preview":"max-image-preview:large","max-video-preview":"max-video-preview:-1"},"canonical":"https:\/\/energia.jfaeletronicos.com\/","og_locale":"en_US","og_type":"article","og_title":"JFA Eletr\u00f4nicos - Telecomunica\u00e7\u00f5es - Inova\u00e7\u00e3o e tecnologia para ir al\u00e9m","og_description":"JFA Eletr\u00f4nicos brings its entire DNA of innovation, security and technology, already present in the automotive sector, to the Telecommunications sector.","og_url":"https:\/\/energia.jfaeletronicos.com\/","og_site_name":"JFA Energia","article_modified_time":"2023-11-06T15:48:40+00:00","twitter_card":"summary_large_image","schema":{"@context":"https:\/\/schema.org","@graph":[{"@type":"WebPage","@id":"https:\/\/energia.jfaeletronicos.com\/","url":"https:\/\/energia.jfaeletronicos.com\/","name":"JFA Eletr\u00f4nicos - Telecomunica\u00e7\u00f5es - Inova\u00e7\u00e3o e tecnologia para ir al\u00e9m","isPartOf":{"@id":"https:\/\/energia.jfaeletronicos.com\/#website"},"datePublished":"2021-11-22T18:53:05+00:00","dateModified":"2023-11-06T15:48:40+00:00","description":"JFA Eletr\u00f4nicos brings its entire DNA of innovation, security and technology, already present in the automotive sector, to the Telecommunications sector.","breadcrumb":{"@id":"https:\/\/energia.jfaeletronicos.com\/#breadcrumb"},"inLanguage":"en-US","potentialAction":[{"@type":"ReadAction","target":["https:\/\/energia.jfaeletronicos.com\/"]}]},{"@type":"BreadcrumbList","@id":"https:\/\/energia.jfaeletronicos.com\/#breadcrumb","itemListElement":[{"@type":"ListItem","position":1,"name":"In\u00edcio","item":"https:\/\/energia.jfaeletronicos.com\/"},{"@type":"ListItem","position":2,"name":"Home Page"}]},{"@type":"WebSite","@id":"https:\/\/energia.jfaeletronicos.com\/#website","url":"https:\/\/energia.jfaeletronicos.com\/","name":"JFA Energia","description":"Conecte-se ao novo!","potentialAction":[{"@type":"SearchAction","target":{"@type":"EntryPoint","urlTemplate":"https:\/\/energia.jfaeletronicos.com\/?s={search_term_string}"},"query-input":{"@type":"PropertyValueSpecification","valueRequired":true,"valueName":"search_term_string"}}],"inLanguage":"en-US"}]}},"_links":{"self":[{"href":"https:\/\/energia.jfaeletronicos.com\/en\/wp-json\/wp\/v2\/pages\/605","targetHints":{"allow":["GET"]}}],"collection":[{"href":"https:\/\/energia.jfaeletronicos.com\/en\/wp-json\/wp\/v2\/pages"}],"about":[{"href":"https:\/\/energia.jfaeletronicos.com\/en\/wp-json\/wp\/v2\/types\/page"}],"author":[{"embeddable":true,"href":"https:\/\/energia.jfaeletronicos.com\/en\/wp-json\/wp\/v2\/users\/1"}],"replies":[{"embeddable":true,"href":"https:\/\/energia.jfaeletronicos.com\/en\/wp-json\/wp\/v2\/comments?post=605"}],"version-history":[{"count":10,"href":"https:\/\/energia.jfaeletronicos.com\/en\/wp-json\/wp\/v2\/pages\/605\/revisions"}],"predecessor-version":[{"id":1649,"href":"https:\/\/energia.jfaeletronicos.com\/en\/wp-json\/wp\/v2\/pages\/605\/revisions\/1649"}],"wp:attachment":[{"href":"https:\/\/energia.jfaeletronicos.com\/en\/wp-json\/wp\/v2\/media?parent=605"}],"curies":[{"name":"wp","href":"https:\/\/api.w.org\/{rel}","templated":true}]}}